{"id":65,"date":"2025-12-02T21:37:48","date_gmt":"2025-12-02T19:37:48","guid":{"rendered":"http:\/\/haus-umfahrer.at\/nassfeld-appartement\/?page_id=65"},"modified":"2025-12-18T19:13:29","modified_gmt":"2025-12-18T17:13:29","slug":"winterurlaub-skiurlaub-nassfeld-hermagor","status":"publish","type":"page","link":"https:\/\/haus-umfahrer.at\/en\/winterurlaub-skiurlaub-nassfeld-hermagor\/","title":{"rendered":"Winter vacation at Nassfeld"},"content":{"rendered":"<p><\/p>\n<h2>A skiing holiday &#8220;without a car, without a ski bus, without stress&#8221;!<\/h2>\n<p><span style=\"color: #000000;\">The apartment house is located in the center of the Nassfeld Hermagor ski region in the village of Tr\u00f6polach, just a 3-minute walk from the &#8220;Millennium Express&#8221; valley station.<\/span><\/p>\n<figure id=\"attachment_72\" aria-describedby=\"caption-attachment-72\" style=\"width: 484px\" class=\"wp-caption aligncenter\"><img loading=\"lazy\" class=\"wp-image-72 size-full\" src=\"http:\/\/haus-umfahrer.at\/wp-content\/uploads\/2014\/11\/winterbild_500.jpg\" alt=\"Appartements Umfahrer im Winter mit viel Schnee am Dach\" width=\"484\" height=\"272\" srcset=\"https:\/\/haus-umfahrer.at\/wp-content\/uploads\/2014\/11\/winterbild_500.jpg 484w, https:\/\/haus-umfahrer.at\/wp-content\/uploads\/2014\/11\/winterbild_500-300x168.jpg 300w\" sizes=\"(max-width: 484px) 100vw, 484px\" \/><figcaption id=\"caption-attachment-72\" class=\"wp-caption-text\">Appartements Umfahrer***<\/figcaption><\/figure>\n<p><span style=\"color: #000000;\">Die <strong>Skiarena Nassfeld-Hermagor<\/strong> mit \u00fcber<\/span><br \/>\n<span style=\"color: #000000;\"> 30 modernst ausgestatteten Aufstiegshilfen und ca. <strong>110 km Abfahrtspisten<\/strong> in allen Schwierigkeitsgraden ist ein Geheimtipp f\u00fcr alle Wintersportler.<\/span><\/p>\n<figure id=\"attachment_74\" aria-describedby=\"caption-attachment-74\" style=\"width: 300px\" class=\"wp-caption aligncenter\"><a href=\"https:\/\/haus-umfahrer.at\/wp-content\/uploads\/2014\/11\/nachtskilauf-nassfeld.jpg\" data-rel=\"lightbox-image-4\" data-magnific_type=\"image\" data-rl_title=\"\" data-rl_caption=\"\" title=\"\"><img loading=\"lazy\" class=\"wp-image-74 size-medium\" src=\"https:\/\/haus-umfahrer.at\/wp-content\/uploads\/2014\/11\/nachtskilauf-nassfeld-300x199.jpg\" alt=\"nachtskilauf-nassfeld\" width=\"300\" height=\"199\" srcset=\"https:\/\/haus-umfahrer.at\/wp-content\/uploads\/2014\/11\/nachtskilauf-nassfeld-300x199.jpg 300w, https:\/\/haus-umfahrer.at\/wp-content\/uploads\/2014\/11\/nachtskilauf-nassfeld.jpg 960w\" sizes=\"(max-width: 300px) 100vw, 300px\" \/><\/a><figcaption id=\"caption-attachment-74\" class=\"wp-caption-text\"><span style=\"color: #000000;\"> Nachtskilauf am Nassfeld<\/span><\/figcaption><\/figure>\n<p><span style=\"color: #000000;\">Erleben Sie den <strong>Nachtskilauf<\/strong> wie &#8220;Tausend und eine Nacht&#8221;, oder\u00a0 lustige Rodelabende.<\/span><\/p>\n<figure id=\"attachment_83\" aria-describedby=\"caption-attachment-83\" style=\"width: 300px\" class=\"wp-caption alignleft\"><img loading=\"lazy\" class=\"wp-image-83 size-medium\" src=\"https:\/\/haus-umfahrer.at\/wp-content\/uploads\/2014\/11\/Umfahrer-Nassfeld-Hermagaor-300x220.jpg\" alt=\"Umfahrer Nassfeld Hermagaor\" width=\"300\" height=\"220\" srcset=\"https:\/\/haus-umfahrer.at\/wp-content\/uploads\/2014\/11\/Umfahrer-Nassfeld-Hermagaor-300x220.jpg 300w, https:\/\/haus-umfahrer.at\/wp-content\/uploads\/2014\/11\/Umfahrer-Nassfeld-Hermagaor.jpg 500w\" sizes=\"(max-width: 300px) 100vw, 300px\" \/><figcaption id=\"caption-attachment-83\" class=\"wp-caption-text\"><span style=\"color: #000000;\">3 Minuten zur Gondelbahn<\/span><\/figcaption><\/figure>\n<p><span style=\"color: #000000;\">Auch f\u00fcr begeisterte <strong>Langl\u00e4ufer<\/strong> gibt es viele M\u00f6glichkeiten Ihre Lust auszuleben. Etwa 150 m von unserem Haus entfernt gibt es Einstiegsm\u00f6glichkeiten in die <strong>Langlaufloipe<\/strong>.<\/span><\/p>\n<p><span style=\"color: #000000;\">Genie\u00dfen Sie die sch\u00f6nsten Tage beim Eislaufen auf der gr\u00f6\u00dften Natureisfl\u00e4che Europas &#8211; dem <strong>Wei\u00dfensee<\/strong> &#8211; und am 12 km entfernten <strong>Pressegger See<\/strong>.<\/span><\/p>\n<p><span style=\"color: #000000;\">Begeisterte Eisstocksch\u00fctzen finden eine \u00fcberdachte Eisbahn direkt im Ort.<br \/>\n<\/span><br \/>\n<span style=\"color: #000000;\"> In unmittelbarer N\u00e4he der Ferienwohnungen befinden sich Bank, Lebensmittelgesch\u00e4ft, Konditorei, Tankstelle, urige Gasth\u00e4user mit bodenst\u00e4ndiger K\u00fcche, Pizzeria, Restaurants, kleine Bars, sowie Fris\u00f6r, also alles was man f\u00fcr einen gem\u00fctlichen Urlaub braucht.<\/span><\/p>\n<p><span style=\"color: #000000;\">Sie erhalten bei uns teilweise <strong>erm\u00e4\u00dfigte <a title=\"Premium Partner\" href=\"https:\/\/haus-umfahrer.at\/premium-partner\">Skip\u00e4sse<\/a><\/strong> und in Verbindung mit dem \u00fcber unser Haus bezogenen Skipass gratis das <strong>Ski- und Schuhdepot bei der Talstation<\/strong> in Tr\u00f6polach!<\/span><\/p>\n<p>&nbsp;<\/p>\n<div id='gallery-5' class='gallery galleryid-65 gallery-columns-2 gallery-size-medium'><figure class='gallery-item'>\n\t\t\t<div class='gallery-icon portrait'>\n\t\t\t\t<img width=\"134\" height=\"178\" src=\"https:\/\/haus-umfahrer.at\/wp-content\/uploads\/2014\/12\/depotmankerl1table50-e1417676923901.jpg\" class=\"attachment-medium size-medium\" alt=\"Kein schleppen der Ski mehr\" loading=\"lazy\" aria-describedby=\"gallery-5-253\" \/>\n\t\t\t<\/div>\n\t\t\t\t<figcaption class='wp-caption-text gallery-caption' id='gallery-5-253'>\n\t\t\t\tKein schleppen der Ski mehr\n\t\t\t\t<\/figcaption><\/figure>\n\t\t<\/div>\n\n<p><span style=\"color: #000000;\">Kommen Sie zu uns, um sich inmitten schneebedeckter Natur zu erholen,<\/span> <span style=\"color: #000000;\">um damit neue Kr\u00e4fte zu sammeln.<br \/>\n<\/span><br \/>\n<span style=\"color: #000000;\"> Wir werden Ihren Aufenthalt so <strong>angenehm<\/strong> und <strong>erholsam<\/strong> wie m\u00f6glich gestalten.<\/span><\/p>\n<h4><span style=\"color: #000000;\">Damit z\u00e4hlen auch Sie zu unseren zufriedenen und treuen G\u00e4sten.<\/span><\/h4>\n<h3><\/h3>\n<p><code class=\"rl-shortcode\"><div class=\"rl-gallery-container rl-loading\" id=\"rl-gallery-container-6\" data-gallery_id=\"3848\"> <h4 class=\"rl-gallery-title\">winter holidays on Nassfeld<\/h4> <div class=\"rl-gallery rl-basicgrid-gallery rl-hover-effect-1 rl-hover-icon-7\" id=\"rl-gallery-6\" data-gallery_no=\"6\"> <div class=\"rl-gallery-item\"><a href=\"https:\/\/haus-umfahrer.at\/wp-content\/uploads\/2020\/03\/thommi_2019-52-web-1-1024x683.jpeg\" title=\"\" data-rl_title=\"\" class=\"rl-gallery-link\" data-rl_caption=\"Skischule Thommi am Nassfeld\" data-rel=\"lightbox-gallery-6\" data-magnific_type=\"gallery\"><img src=\"https:\/\/haus-umfahrer.at\/wp-content\/uploads\/2020\/03\/thommi_2019-52-web-1-300x200.jpeg\" width=\"300\" height=\"200\" alt=\"Skischule Thommi am Nassfeld\"\/><\/a><\/div><div class=\"rl-gallery-item\"><a href=\"https:\/\/haus-umfahrer.at\/wp-content\/uploads\/2017\/02\/snowboarden-nassfeld-freeride-oesterreich-01-1024x683.jpg\" title=\"\" data-rl_title=\"\" class=\"rl-gallery-link\" data-rl_caption=\"snowboarden-nassfeld-freeride-oesterreich\" data-rel=\"lightbox-gallery-6\" data-magnific_type=\"gallery\"><img src=\"https:\/\/haus-umfahrer.at\/wp-content\/uploads\/2017\/02\/snowboarden-nassfeld-freeride-oesterreich-01-300x200.jpg\" width=\"300\" height=\"200\" alt=\"snowboarden-nassfeld-freeride-oesterreich\"\/><\/a><\/div><div class=\"rl-gallery-item\"><a href=\"https:\/\/haus-umfahrer.at\/wp-content\/uploads\/2020\/03\/huettenkulinarik-web-1-1-1024x662.jpeg\" title=\"\" data-rl_title=\"\" class=\"rl-gallery-link\" data-rl_caption=\"\" data-rel=\"lightbox-gallery-6\" data-magnific_type=\"gallery\"><img src=\"https:\/\/haus-umfahrer.at\/wp-content\/uploads\/2020\/03\/huettenkulinarik-web-1-1-300x194.jpeg\" width=\"300\" height=\"194\" alt=\"\"\/><\/a><\/div><div class=\"rl-gallery-item\"><a href=\"https:\/\/haus-umfahrer.at\/wp-content\/uploads\/2024\/04\/LOWRES_00000019322_210213_martinlugger__nassfeld_629258_Martin-Lugger-Photography_Photographer-Martin-Lugger1.jpg\" title=\"\" data-rl_title=\"\" class=\"rl-gallery-link\" data-rl_caption=\"Nassfeld im Winter\" data-rel=\"lightbox-gallery-6\" data-magnific_type=\"gallery\"><img src=\"https:\/\/haus-umfahrer.at\/wp-content\/uploads\/2024\/04\/LOWRES_00000019322_210213_martinlugger__nassfeld_629258_Martin-Lugger-Photography_Photographer-Martin-Lugger1-300x200.jpg\" width=\"300\" height=\"200\" alt=\"Nassfeld im Winter\"\/><\/a><\/div><div class=\"rl-gallery-item\"><a href=\"https:\/\/haus-umfahrer.at\/wp-content\/uploads\/2014\/11\/nassfeld_winter_084_2016_zupanc-1024x682.jpg\" title=\"\" data-rl_title=\"\" class=\"rl-gallery-link\" data-rl_caption=\"Neue Liftanlagen am Nassfeld\" data-rel=\"lightbox-gallery-6\" data-magnific_type=\"gallery\"><img src=\"https:\/\/haus-umfahrer.at\/wp-content\/uploads\/2014\/11\/nassfeld_winter_084_2016_zupanc-300x200.jpg\" width=\"300\" height=\"200\" alt=\"Neue Liftanlagen am Nassfeld\"\/><\/a><\/div><div class=\"rl-gallery-item\"><a href=\"https:\/\/haus-umfahrer.at\/wp-content\/uploads\/2020\/03\/img_5948-web-1.jpeg\" title=\"\" data-rl_title=\"\" class=\"rl-gallery-link\" data-rl_caption=\"\" data-rel=\"lightbox-gallery-6\" data-magnific_type=\"gallery\"><img src=\"https:\/\/haus-umfahrer.at\/wp-content\/uploads\/2020\/03\/img_5948-web-1-300x200.jpeg\" width=\"300\" height=\"200\" alt=\"\"\/><\/a><\/div><div class=\"rl-gallery-item\"><a href=\"https:\/\/haus-umfahrer.at\/wp-content\/uploads\/IMG_5461-1024x768.jpg\" title=\"\" data-rl_title=\"\" class=\"rl-gallery-link\" data-rl_caption=\"\" data-rel=\"lightbox-gallery-6\" data-magnific_type=\"gallery\"><img src=\"https:\/\/haus-umfahrer.at\/wp-content\/uploads\/IMG_5461-300x225.jpg\" width=\"300\" height=\"225\" alt=\"\"\/><\/a><\/div><div class=\"rl-gallery-item\"><a href=\"https:\/\/haus-umfahrer.at\/wp-content\/uploads\/2017\/12\/nassfeld-ski-family-2013-03-05_014-iloveimg-compressed-1024x683.jpg\" title=\"\" data-rl_title=\"\" class=\"rl-gallery-link\" data-rl_caption=\"\" data-rel=\"lightbox-gallery-6\" data-magnific_type=\"gallery\"><img src=\"https:\/\/haus-umfahrer.at\/wp-content\/uploads\/2017\/12\/nassfeld-ski-family-2013-03-05_014-iloveimg-compressed-300x200.jpg\" width=\"300\" height=\"200\" alt=\"\"\/><\/a><\/div><div class=\"rl-gallery-item\"><a href=\"https:\/\/haus-umfahrer.at\/wp-content\/uploads\/IMG_5512-1-1024x768.jpg\" title=\"\" data-rl_title=\"\" class=\"rl-gallery-link\" data-rl_caption=\"Nachtskifahren auf der beleuchteten Piste in Tr\u00f6polach\" data-rel=\"lightbox-gallery-6\" data-magnific_type=\"gallery\"><img src=\"https:\/\/haus-umfahrer.at\/wp-content\/uploads\/IMG_5512-1-300x225.jpg\" width=\"300\" height=\"225\" alt=\"Nachtskifahren auf der beleuchteten Piste in Tr\u00f6polach\"\/><\/a><\/div><div class=\"rl-gallery-item\"><a href=\"https:\/\/haus-umfahrer.at\/wp-content\/uploads\/IMG_5440-1024x768.jpg\" title=\"\" data-rl_title=\"\" class=\"rl-gallery-link\" data-rl_caption=\"\" data-rel=\"lightbox-gallery-6\" data-magnific_type=\"gallery\"><img src=\"https:\/\/haus-umfahrer.at\/wp-content\/uploads\/IMG_5440-300x225.jpg\" width=\"300\" height=\"225\" alt=\"\"\/><\/a><\/div><div class=\"rl-gallery-item\"><a href=\"https:\/\/haus-umfahrer.at\/wp-content\/uploads\/IMG_5437-1024x768.jpg\" title=\"\" data-rl_title=\"\" class=\"rl-gallery-link\" data-rl_caption=\"\" data-rel=\"lightbox-gallery-6\" data-magnific_type=\"gallery\"><img src=\"https:\/\/haus-umfahrer.at\/wp-content\/uploads\/IMG_5437-300x225.jpg\" width=\"300\" height=\"225\" alt=\"\"\/><\/a><\/div><div class=\"rl-gallery-item\"><a href=\"https:\/\/haus-umfahrer.at\/wp-content\/uploads\/IMG_5525-1-1024x768.jpg\" title=\"\" data-rl_title=\"\" class=\"rl-gallery-link\" data-rl_caption=\"\" data-rel=\"lightbox-gallery-6\" data-magnific_type=\"gallery\"><img src=\"https:\/\/haus-umfahrer.at\/wp-content\/uploads\/IMG_5525-1-300x225.jpg\" width=\"300\" height=\"225\" alt=\"\"\/><\/a><\/div><div class=\"rl-gallery-item\"><a href=\"https:\/\/haus-umfahrer.at\/wp-content\/uploads\/IMG_5533-1-1024x768.jpg\" title=\"\" data-rl_title=\"\" class=\"rl-gallery-link\" data-rl_caption=\"\" data-rel=\"lightbox-gallery-6\" data-magnific_type=\"gallery\"><img src=\"https:\/\/haus-umfahrer.at\/wp-content\/uploads\/IMG_5533-1-300x225.jpg\" width=\"300\" height=\"225\" alt=\"\"\/><\/a><\/div><div class=\"rl-gallery-item\"><a href=\"https:\/\/haus-umfahrer.at\/wp-content\/uploads\/2017\/02\/snowboarder-nassfeld-kaernten-oesterreich-jump-1024x683.jpg\" title=\"\" data-rl_title=\"\" class=\"rl-gallery-link\" data-rl_caption=\"\" data-rel=\"lightbox-gallery-6\" data-magnific_type=\"gallery\"><img src=\"https:\/\/haus-umfahrer.at\/wp-content\/uploads\/2017\/02\/snowboarder-nassfeld-kaernten-oesterreich-jump-300x200.jpg\" width=\"300\" height=\"200\" alt=\"\"\/><\/a><\/div><div class=\"rl-gallery-item\"><a href=\"https:\/\/haus-umfahrer.at\/wp-content\/uploads\/IMG_6442-1024x768.jpg\" title=\"\" data-rl_title=\"\" class=\"rl-gallery-link\" data-rl_caption=\"\" data-rel=\"lightbox-gallery-6\" data-magnific_type=\"gallery\"><img src=\"https:\/\/haus-umfahrer.at\/wp-content\/uploads\/IMG_6442-300x225.jpg\" width=\"300\" height=\"225\" alt=\"\"\/><\/a><\/div> <\/div> <\/div><\/code><\/p>","protected":false},"excerpt":{"rendered":"<p>A skiing holiday &#8220;without a car, without a ski bus, without stress&#8221;! The apartment house is located in the center of the Nassfeld Hermagor ski region in the village of Tr\u00f6polach, just a 3-minute walk from the &#8220;Millennium Express&#8221; valley<\/p>\n","protected":false},"author":1,"featured_media":0,"parent":0,"menu_order":0,"comment_status":"closed","ping_status":"closed","template":"","meta":{"_mi_skip_tracking":false,"_exactmetrics_sitenote_active":false,"_exactmetrics_sitenote_note":"","_exactmetrics_sitenote_category":0},"aioseo_notices":[],"_links":{"self":[{"href":"https:\/\/haus-umfahrer.at\/en\/wp-json\/wp\/v2\/pages\/65"}],"collection":[{"href":"https:\/\/haus-umfahrer.at\/en\/wp-json\/wp\/v2\/pages"}],"about":[{"href":"https:\/\/haus-umfahrer.at\/en\/wp-json\/wp\/v2\/types\/page"}],"author":[{"embeddable":true,"href":"https:\/\/haus-umfahrer.at\/en\/wp-json\/wp\/v2\/users\/1"}],"replies":[{"embeddable":true,"href":"https:\/\/haus-umfahrer.at\/en\/wp-json\/wp\/v2\/comments?post=65"}],"version-history":[{"count":6,"href":"https:\/\/haus-umfahrer.at\/en\/wp-json\/wp\/v2\/pages\/65\/revisions"}],"predecessor-version":[{"id":5723,"href":"https:\/\/haus-umfahrer.at\/en\/wp-json\/wp\/v2\/pages\/65\/revisions\/5723"}],"wp:attachment":[{"href":"https:\/\/haus-umfahrer.at\/en\/wp-json\/wp\/v2\/media?parent=65"}],"curies":[{"name":"wp","href":"https:\/\/api.w.org\/{rel}","templated":true}]}}