{"id":411,"date":"2019-04-04T16:46:17","date_gmt":"2019-04-04T14:46:17","guid":{"rendered":"http:\/\/haus-umfahrer.at\/nassfeld-appartement\/?page_id=411"},"modified":"2026-05-06T15:29:36","modified_gmt":"2026-05-06T13:29:36","slug":"plus-card-premium","status":"publish","type":"page","link":"https:\/\/haus-umfahrer.at\/en\/plus-card-premium\/","title":{"rendered":"+Card holiday Nassfeld"},"content":{"rendered":"<p>&#8221; width=&#8221;300&#8243; height=&#8221;198&#8243; \/><\/span><\/h2>\n<p><span style=\"color: #000000;\">Als <b>Partnerbetrieb<\/b> erm\u00f6glichen wir allen <b>G\u00e4sten unseres Hauses<\/b>, ganz nach dem Motto<\/span><\/p>\n<p><strong><span style=\"color: #000000;\"> \u201eGrenzenlose Freiheit genie\u00dfen\u201c,<\/span><\/strong><\/p>\n<p><span style=\"color: #000000;\"> zahlreiche Einrichtungen und Freizeitangebote beliebig oft und kostenlos in Anspruch zu nehmen: <b><i>Berge u<\/i><\/b><b><i>nd Seen \u2013 \u201eQuellen der Bewegung\u201c<\/i><\/b><\/span><br \/>\n<span style=\"color: #000000;\"> Und das k\u00f6nnen Sie <b>mit der neuen \u201e+Card Premium\u201c<\/b>, genie\u00dfen:<\/span><\/p>\n<p><b><span style=\"color: #000000;\">\u00a0<\/span><\/b><\/p>\n<p>&nbsp;<\/p>\n<p style=\"text-align: center;\"><b><span style=\"color: #000000;\">10. Mai bis zum 21. Oktober 2018<\/span> <\/b><\/p>\n<p>&nbsp;<\/p>\n<p><a href=\"https:\/\/haus-umfahrer.at\/wp-content\/uploads\/2015\/01\/familie_aqua-trail.jpg\" data-rel=\"lightbox-image-0\" data-magnific_type=\"image\" data-rl_title=\"\" data-rl_caption=\"\" title=\"\"><img loading=\"lazy\" class=\"alignleft wp-image-546\" src=\"https:\/\/haus-umfahrer.at\/wp-content\/uploads\/2015\/01\/familie_aqua-trail-150x150.jpg\" alt=\"Wasserspielplatz auf dem Berg\" width=\"200\" height=\"133\" srcset=\"https:\/\/haus-umfahrer.at\/wp-content\/uploads\/2015\/01\/familie_aqua-trail-300x200.jpg 300w, https:\/\/haus-umfahrer.at\/wp-content\/uploads\/2015\/01\/familie_aqua-trail-1024x683.jpg 1024w\" sizes=\"(max-width: 200px) 100vw, 200px\" \/><\/a> <a href=\"https:\/\/haus-umfahrer.at\/wp-content\/uploads\/2015\/01\/nassfeld-sommerrodelbahn-pendolino-oesterreich-01.jpg\" data-rel=\"lightbox-image-1\" data-magnific_type=\"image\" data-rl_title=\"\" data-rl_caption=\"\" title=\"\"><img loading=\"lazy\" class=\"alignright wp-image-545\" src=\"https:\/\/haus-umfahrer.at\/wp-content\/uploads\/2015\/01\/nassfeld-sommerrodelbahn-pendolino-oesterreich-01-300x199.jpg\" alt=\"nassfeld-sommerrodelbahn-pendolino-oesterreich\" width=\"200\" height=\"133\" srcset=\"https:\/\/haus-umfahrer.at\/wp-content\/uploads\/2015\/01\/nassfeld-sommerrodelbahn-pendolino-oesterreich-01-300x199.jpg 300w, https:\/\/haus-umfahrer.at\/wp-content\/uploads\/2015\/01\/nassfeld-sommerrodelbahn-pendolino-oesterreich-01-1024x680.jpg 1024w\" sizes=\"(max-width: 200px) 100vw, 200px\" \/><\/a><\/p>\n<p>&nbsp;<\/p>\n<\/div>\n<h2 data-canvas-width=\"270.3576032\"><\/h2>\n<h2 data-canvas-width=\"270.3576032\"><\/h2>\n<h2 data-canvas-width=\"270.3576032\"><\/h2>\n<p>&nbsp;<\/p>\n<hr \/>\n<p>&nbsp;<\/p>\n<p>&nbsp;<\/p>\n<p>&nbsp;<\/p>\n<h2>Ihre Vorteile zum Nulltarif mit der +Card holiday<\/h2>\n<div data-canvas-width=\"338.2703995104\">\n<div>\n<ul>\n<li>Freie Ben\u00fctzung Millennium Express und Gartnerkofel-Sesselbahn<\/li>\n<li>Freie Ben\u00fctzung des Almtaxis (Piccolo Express) zwischen Tressdorfer Alm und Gartnerkofel-Sesselbahn<\/li>\n<li>Freie Ben\u00fctzung der Buslinien zwischen Pressegger See, St. Stefan, K\u00f6tschach\/Mauthen, Weissbriach und Tr\u00f6polach\/Millennium Express<\/li>\n<li>W\u00f6chentlich 5 gef\u00fchrte, besonders interessante Wanderungen<\/li>\n<li>Freie Teilnahme an gef\u00fchrten Nordic Walking Touren am Berg u. am See, Wanderungen \u201eGeo-Trail\u201c<\/li>\n<li>Gef\u00fchrte Mountainbiketour<\/li>\n<li>Klettersteig Winkelturm<\/li>\n<li>Gailtaler Heimatmuseum<\/li>\n<li>Freie Teilnahme an <a href=\"http:\/\/www.nassfeld.at\/nassfeld\/downloads\/de\/aktuell\/sommer\/programme\/2016\/kinderprogramm-sommer-de-aktuell-2016.pdf\">NTC-Kinder-Abenteuerprogrammen \u201e6-10\u201c Jahre und \u201e10-14 Jahre\u201c<\/a><\/li>\n<li>Freie Teilnahme am NTC-Schlechtwetterprogramm<\/li>\n<li>Freier Eintritt ins Gailtaler Heimatmuseum<\/li>\n<li>Gailtal Golf: Schnupperkurs 1 x w\u00f6chentlich (Donnerstags) inkl. Ausr\u00fcstung und B\u00e4llen (NEU!)<\/li>\n<li>Freier Eintritt ins Erlebnis-Naturbad Vorderberg (NEU!)<\/li>\n<li>Freier Eintritt in Strandbad der Gemeinde Hermagor (NEU)<\/li>\n<li>und noch vieles mehr!<\/li>\n<\/ul>\n<\/div>\n<\/div>\n<div data-canvas-width=\"338.2703995104\">\n<p><iframe title=\"Nassfeld Aqua Trail\" width=\"750\" height=\"422\" src=\"https:\/\/www.youtube.com\/embed\/Cub_CefG6HY?feature=oembed\" frameborder=\"0\" allow=\"accelerometer; autoplay; clipboard-write; encrypted-media; gyroscope; picture-in-picture; web-share\" referrerpolicy=\"strict-origin-when-cross-origin\" allowfullscreen><\/iframe><\/p>\n<div data-canvas-width=\"5.061599999999999\">\n<h3 data-canvas-width=\"270.3576032\">Das BERG &#8211; SEE ERLEBNIS &#8230;.grenz\u00fcberschreitend \u00d6sterreich \/ Italien<\/h3>\n<\/div>\n<div data-canvas-width=\"5.061599999999999\"><\/div>\n<div data-canvas-width=\"5.061599999999999\">\n<h3 style=\"text-align: center;\"><strong>Doris Umfahrer<\/strong><br \/>\nA &#8211; 9631 Tr\u00f6polach 53<br \/>\nTel. +43 (0) 4285 500<br \/>\nMobil: +43 (0) 650 6543357<\/h3>\n<p style=\"text-align: center;\"><a href=\"mailto:info@haus-umfahrer.at\" target=\"_blank\" rel=\"noopener noreferrer\">info@haus-umfahrer.at<\/a><br \/>\n<a href=\"http:\/\/www.haus-umfahrer.at\">www.haus-umfahrer.at<\/a><\/p>\n<\/div>\n<div data-canvas-width=\"5.061599999999999\"><\/div>\n<\/div>\n<h2 data-canvas-width=\"11.6\">Liebe G\u00e4ste !<\/h2>\n<div data-canvas-width=\"11.6\"><span style=\"color: #000000;\">\u00a0<\/span><\/div>\n<div data-canvas-width=\"11.6\">\n<p><span style=\"color: #000000;\">Mit <b>DER NEUEN<\/b> \u201e+CARD Premium\u201c wird Ihr Urlaub ab sofort noch erlebnisreicher, vielf\u00e4ltiger und vor allem billiger !<\/span><\/p>\n<h2 data-canvas-width=\"270.3576032\"><span style=\"color: #000000;\"><img loading=\"lazy\" class=\"alignright wp-image-421 size-medium\" src=\"https:\/\/haus-umfahrer.at\/wp-content\/uploads\/2015\/01\/CardPremium_6.3.014-300x198.jpg\" alt=\"+CardPremium Nassfeld\" width=\"300\" height=\"198\" srcset=\"https:\/\/haus-umfahrer.at\/wp-content\/uploads\/2015\/01\/CardPremium_6.3.014-300x198.jpg 300w, https:\/\/haus-umfahrer.at\/wp-content\/uploads\/2015\/01\/CardPremium_6.3.014-1024x675.jpg 1024w, https:\/\/haus-umfahrer.at\/wp-content\/uploads\/2015\/01\/CardPremium_6.3.014.jpg 1075w\" sizes=\"(max-width: 300px) 100vw, 300px\" \/><\/span><\/h2>\n<p><span style=\"color: #000000;\">Als <b>Partnerbetrieb<\/b> erm\u00f6glichen wir allen <b>G\u00e4sten unseres Hauses<\/b>, ganz nach dem Motto<\/span><\/p>\n<p><strong><span style=\"color: #000000;\"> \u201eGrenzenlose Freiheit genie\u00dfen\u201c,<\/span><\/strong><\/p>\n<p><span style=\"color: #000000;\"> zahlreiche Einrichtungen und Freizeitangebote beliebig oft und kostenlos in Anspruch zu nehmen: <b><i>Berge u<\/i><\/b><b><i>nd Seen \u2013 \u201eQuellen der Bewegung\u201c<\/i><\/b><\/span><br \/>\n<span style=\"color: #000000;\"> Und das k\u00f6nnen Sie <b>mit der neuen \u201e+Card Premium\u201c<\/b>, genie\u00dfen:<\/span><\/p>\n<p><b><span style=\"color: #000000;\">\u00a0Juni \u2013\u00a0 September 2015<\/span><br \/>\n<span style=\"color: #000000;\"> Fr\u00fchsommersaison\u00a0 &amp; Herbstsaison<\/span> <\/b><\/p>\n<p><img loading=\"lazy\" class=\"alignleft wp-image-546 size-medium\" src=\"https:\/\/haus-umfahrer.at\/wp-content\/uploads\/2015\/01\/familie_aqua-trail-300x200.jpg\" alt=\"Wasserspielplatz auf dem Berg\" width=\"300\" height=\"200\" srcset=\"https:\/\/haus-umfahrer.at\/wp-content\/uploads\/2015\/01\/familie_aqua-trail-300x200.jpg 300w, https:\/\/haus-umfahrer.at\/wp-content\/uploads\/2015\/01\/familie_aqua-trail-1024x683.jpg 1024w\" sizes=\"(max-width: 300px) 100vw, 300px\" \/> <img loading=\"lazy\" class=\"alignright wp-image-545 size-medium\" src=\"https:\/\/haus-umfahrer.at\/wp-content\/uploads\/2015\/01\/nassfeld-sommerrodelbahn-pendolino-oesterreich-01-300x199.jpg\" alt=\"nassfeld-sommerrodelbahn-pendolino-oesterreich\" width=\"300\" height=\"199\" srcset=\"https:\/\/haus-umfahrer.at\/wp-content\/uploads\/2015\/01\/nassfeld-sommerrodelbahn-pendolino-oesterreich-01-300x199.jpg 300w, https:\/\/haus-umfahrer.at\/wp-content\/uploads\/2015\/01\/nassfeld-sommerrodelbahn-pendolino-oesterreich-01-1024x680.jpg 1024w\" sizes=\"(max-width: 300px) 100vw, 300px\" \/><\/p>\n<p>&nbsp;<\/p>\n<\/div>\n<h2 data-canvas-width=\"270.3576032\"><\/h2>\n<h2 data-canvas-width=\"270.3576032\"><\/h2>\n<h2 data-canvas-width=\"270.3576032\"><\/h2>\n<p>&nbsp;<\/p>\n<hr \/>\n<p>&nbsp;<\/p>\n<p>&nbsp;<\/p>\n<p>&nbsp;<\/p>\n<h2>Ihre Vorteile zum Nulltarif<\/h2>\n<div data-canvas-width=\"338.2703995104\">\n<div>\n<ul>\n<li>Freie Ben\u00fctzung Millennium Express und Gartnerkofel-Sesselbahn<\/li>\n<li>Freie Ben\u00fctzung des Almtaxis (Piccolo Express) zwischen Tressdorfer Alm und Gartnerkofel-Sesselbahn<\/li>\n<li>Freie Ben\u00fctzung der Buslinien zwischen Pressegger See, St. Stefan, K\u00f6tschach\/Mauthen, Weissbriach und Tr\u00f6polach\/Millennium Express<\/li>\n<li>W\u00f6chentlich 5 gef\u00fchrte, besonders interessante Wanderungen<\/li>\n<li>Freie Teilnahme an gef\u00fchrten Nordic Walking Touren am Berg u. am See, Wanderungen \u201eGeo-Trail\u201c<\/li>\n<li>Gef\u00fchrte Mountainbiketour<\/li>\n<li>Klettersteig Winkelturm<\/li>\n<li>Gailtaler Heimatmuseum<\/li>\n<li>Freie Teilnahme an NTC-Kinder-Abenteuerprogrammen \u201e6-10\u201c Jahre und \u201e10-14 Jahre\u201c<\/li>\n<li>Freie Teilnahme am NTC-Schlechtwetterprogramm<\/li>\n<li>Freier Eintritt ins Gailtaler Heimatmuseum<\/li>\n<li>Gailtal Golf: Schnupperkurs 1 x w\u00f6chentlich (Donnerstags) inkl. Ausr\u00fcstung und B\u00e4llen (NEU!)<\/li>\n<li>Freier Eintritt ins Erlebnis-Naturbad Vorderberg (NEU!)<\/li>\n<li>Freier Eintritt in Strandbad der Gemeinde Hermagor (NEU)<\/li>\n<li>Fischen im Fischwasser der Stadtgemeinde Hermagor Presseggersee (NEU)<\/li>\n<li>und noch vieles mehr!<\/li>\n<\/ul>\n<\/div>\n<\/div>\n<div data-canvas-width=\"338.2703995104\">\n<p>&nbsp;<\/p>\n<div data-canvas-width=\"5.061599999999999\">\n<h3 data-canvas-width=\"270.3576032\">Das BERG &#8211; SEE ERLEBNIS &#8230;.grenz\u00fcberschreitend \u00d6sterreich \/ Italien<\/h3>\n<\/div>\n<div data-canvas-width=\"5.061599999999999\"><\/div>\n<div data-canvas-width=\"5.061599999999999\">\n<h3 style=\"text-align: center;\"><strong>Doris Umfahrer<\/strong><br \/>\nA &#8211; 9631 Tr\u00f6polach 53<br \/>\nTel. +43 (0) 4285 500<br \/>\nMobil: +43 (0) 650 6543357<\/h3>\n<p style=\"text-align: center;\"><a href=\"mailto:info@haus-umfahrer.at\" target=\"_blank\" rel=\"noopener noreferrer\">info@haus-umfahrer.at<\/a><br \/>\n<a href=\"http:\/\/www.haus-umfahrer.at\">www.haus-umfahrer.at<\/a><\/p>\n<\/div>\n<div data-canvas-width=\"5.061599999999999\"><\/div>\n<\/div>\n<p><\/p>","protected":false},"excerpt":{"rendered":"<p>&#8221; width=&#8221;300&#8243; height=&#8221;198&#8243; \/> Als Partnerbetrieb erm\u00f6glichen wir allen G\u00e4sten unseres Hauses, ganz nach dem Motto \u201eGrenzenlose Freiheit genie\u00dfen\u201c, zahlreiche Einrichtungen und Freizeitangebote beliebig oft und kostenlos in Anspruch zu nehmen: Berge und Seen \u2013 \u201eQuellen der Bewegung\u201c Und das<\/p>\n","protected":false},"author":1,"featured_media":3086,"parent":0,"menu_order":0,"comment_status":"closed","ping_status":"closed","template":"","meta":{"_mi_skip_tracking":false,"_exactmetrics_sitenote_active":false,"_exactmetrics_sitenote_note":"","_exactmetrics_sitenote_category":0},"aioseo_notices":[],"_links":{"self":[{"href":"https:\/\/haus-umfahrer.at\/en\/wp-json\/wp\/v2\/pages\/411"}],"collection":[{"href":"https:\/\/haus-umfahrer.at\/en\/wp-json\/wp\/v2\/pages"}],"about":[{"href":"https:\/\/haus-umfahrer.at\/en\/wp-json\/wp\/v2\/types\/page"}],"author":[{"embeddable":true,"href":"https:\/\/haus-umfahrer.at\/en\/wp-json\/wp\/v2\/users\/1"}],"replies":[{"embeddable":true,"href":"https:\/\/haus-umfahrer.at\/en\/wp-json\/wp\/v2\/comments?post=411"}],"version-history":[{"count":6,"href":"https:\/\/haus-umfahrer.at\/en\/wp-json\/wp\/v2\/pages\/411\/revisions"}],"predecessor-version":[{"id":5812,"href":"https:\/\/haus-umfahrer.at\/en\/wp-json\/wp\/v2\/pages\/411\/revisions\/5812"}],"wp:featuredmedia":[{"embeddable":true,"href":"https:\/\/haus-umfahrer.at\/en\/wp-json\/wp\/v2\/media\/3086"}],"wp:attachment":[{"href":"https:\/\/haus-umfahrer.at\/en\/wp-json\/wp\/v2\/media?parent=411"}],"curies":[{"name":"wp","href":"https:\/\/api.w.org\/{rel}","templated":true}]}}