{"id":339,"date":"2020-12-26T12:04:51","date_gmt":"2020-12-26T10:04:51","guid":{"rendered":"http:\/\/haus-umfahrer.at\/nassfeld-appartement\/?page_id=339"},"modified":"2026-05-02T20:55:44","modified_gmt":"2026-05-02T18:55:44","slug":"sommerurlaub-kaernten-nassfeld","status":"publish","type":"page","link":"https:\/\/haus-umfahrer.at\/en\/sommerurlaub-kaernten-nassfeld\/","title":{"rendered":"Summer vacation in Carinthia Nassfeld"},"content":{"rendered":"<p>Wandern&#8221; href=&#8221;http:\/\/haus-umfahrer.at\/wandern-nassfeld-gartnerkofel\/&#8221;>Almwanderungen<\/a> am Nassfeld<\/strong> und den umherliegenden Almen,<br \/>\nanspruchsvolle <strong><a title=\"Bike- Wandertouren\" href=\"http:\/\/haus-umfahrer.at\/biken-wandern-touren\/\">Bergtouren<\/a>, Raften<\/strong> auf der Gail oder <strong>Surfen<\/strong> am Presseggersee.<\/p>\n<figure id=\"attachment_1831\" aria-describedby=\"caption-attachment-1831\" style=\"width: 300px\" class=\"wp-caption alignright\"><img loading=\"lazy\" title=\"Sehr gepflegter G\u00e4stegarten beim Appartement\" src=\"https:\/\/haus-umfahrer.at\/wp-content\/uploads\/2016\/07\/IMG_0893-300x200.jpg\" alt=\"Garten mit viel Blumen\" width=\"300\" height=\"200\" \/><figcaption id=\"caption-attachment-1831\" class=\"wp-caption-text\">Auch ein gro\u00dfer Garten mit viel Blumen wartet auf Sie<\/figcaption><\/figure>\n<figure id=\"attachment_352\" aria-describedby=\"caption-attachment-352\" style=\"width: 300px\" class=\"wp-caption alignnone\"><img loading=\"lazy\" title=\"Wanderungen am Nassfeld Pressegger See bei Hermagor\" src=\"https:\/\/haus-umfahrer.at\/wp-content\/uploads\/2014\/12\/Jeden-Tag-eine-neue-Wanderidee_-Nassfeld-300x199.jpg\" alt=\"_Jeden-Tag-eine-neue-Wanderidee_-Nassfeld Sommerurlaub\" width=\"300\" height=\"199\" \/><figcaption id=\"caption-attachment-352\" class=\"wp-caption-text\">Gef\u00fchrte Wanderungen<\/figcaption><\/figure>\n<p>&nbsp;<\/p>\n<h2 style=\"text-align: center;\">Erleben Sie <b>Natur und Kulinarik aus der Region.<br \/>\n<\/b><\/h2>\n<p>&nbsp;<\/p>\n<div id='gallery-4' class='gallery galleryid-339 gallery-columns-2 gallery-size-medium'><figure class='gallery-item'>\n\t\t\t<div class='gallery-icon landscape'>\n\t\t\t\t<img width=\"300\" height=\"200\" src=\"https:\/\/haus-umfahrer.at\/wp-content\/uploads\/2014\/12\/gailtaler-almkaese-g.g.u.-300x200.jpg\" class=\"attachment-medium size-medium\" alt=\"Gailtaler Almk\u00e4se\" loading=\"lazy\" aria-describedby=\"gallery-4-2321\" srcset=\"https:\/\/haus-umfahrer.at\/wp-content\/uploads\/2014\/12\/gailtaler-almkaese-g.g.u.-300x200.jpg 300w, https:\/\/haus-umfahrer.at\/wp-content\/uploads\/2014\/12\/gailtaler-almkaese-g.g.u.-768x512.jpg 768w, https:\/\/haus-umfahrer.at\/wp-content\/uploads\/2014\/12\/gailtaler-almkaese-g.g.u..jpg 1000w\" sizes=\"(max-width: 300px) 100vw, 300px\" \/>\n\t\t\t<\/div>\n\t\t\t\t<figcaption class='wp-caption-text gallery-caption' id='gallery-4-2321'>\n\t\t\t\tK\u00e4sefestival K\u00f6tschach\n\t\t\t\t<\/figcaption><\/figure><figure class='gallery-item'>\n\t\t\t<div class='gallery-icon landscape'>\n\t\t\t\t<img width=\"300\" height=\"199\" src=\"https:\/\/haus-umfahrer.at\/wp-content\/uploads\/2014\/12\/Gailtaler_Jause-300x199.jpg\" class=\"attachment-medium size-medium\" alt=\"Gailtaler Speck\" loading=\"lazy\" aria-describedby=\"gallery-4-357\" srcset=\"https:\/\/haus-umfahrer.at\/wp-content\/uploads\/2014\/12\/Gailtaler_Jause-300x199.jpg 300w, https:\/\/haus-umfahrer.at\/wp-content\/uploads\/2014\/12\/Gailtaler_Jause-1024x681.jpg 1024w, https:\/\/haus-umfahrer.at\/wp-content\/uploads\/2014\/12\/Gailtaler_Jause.jpg 2048w\" sizes=\"(max-width: 300px) 100vw, 300px\" \/>\n\t\t\t<\/div>\n\t\t\t\t<figcaption class='wp-caption-text gallery-caption' id='gallery-4-357'>\n\t\t\t\tGailtaler Speckfest in Hermagor\n\t\t\t\t<\/figcaption><\/figure>\n\t\t<\/div>\n\n<h3><\/h3>\n<h3><\/h3>\n<h3 style=\"text-align: center;\"><strong>Auf zum Sommerurlaub!<\/strong><\/h3>\n<p>&nbsp;<\/p>\n<h2 style=\"text-align: center;\"><\/h2>\n<p>&nbsp;<\/p>\n<h2 style=\"text-align: center;\"><\/h2>\n<h2 style=\"text-align: center;\">Urlaub in K\u00e4rnten am Presseggersee bei Hermagor mit der <a title=\"+Card PREMIUM Nassfeld\" href=\"https:\/\/haus-umfahrer.at\/plus-card-premium\">+CARD Premium<\/a><\/h2>\n<p><img loading=\"lazy\" src=\"https:\/\/haus-umfahrer.at\/wp-content\/uploads\/2014\/11\/pressegger-see-kaernten-badesee-03-1024x683.jpg\" alt=\"Naturarena Nassfeld Pressegger See 2013-08-22\" width=\"720\" height=\"480\" \/>Ob Sie sich nur in unserem s\u00fcdseitig gelegenen G\u00e4stegarten entspannen wollen <strong>(gem\u00fctliche Sitzecke, Griller, Liegen, Sonnenschirm, Tischtennis, Kinderschaukel, Sandkiste, Trampolin)<\/strong>, oder aber Ihrem Badespa\u00df am ca. 10 km entfernten Presseggersee bzw. im 7 km entfernten Freibad in Kirchbach nachgehen wollen, unser Haus ist Ausgangspunkt f\u00fcr viele Freizeitm\u00f6glichkeiten.<\/p>\n<figure id=\"attachment_352\" aria-describedby=\"caption-attachment-352\" style=\"width: 300px\" class=\"wp-caption alignright\"><img loading=\"lazy\" src=\"https:\/\/haus-umfahrer.at\/wp-content\/uploads\/2014\/12\/Jeden-Tag-eine-neue-Wanderidee_-Nassfeld-300x199.jpg\" alt=\"_Jeden-Tag-eine-neue-Wanderidee_-Nassfeld\" width=\"300\" height=\"199\" \/><figcaption id=\"caption-attachment-352\" class=\"wp-caption-text\">Gef\u00fchrte Wanderungen<\/figcaption><\/figure>\n<p>Genie\u00dfen Sie die sch\u00f6nen <strong>Almwanderungen<\/strong> auf den umherliegenden Almen, anspruchsvolle <strong>Bergtouren, Raften<\/strong> auf der Gail oder <strong>Surfen<\/strong> am Presseggersee.<\/p>\n<h3 style=\"text-align: center;\"><b>&#8220;Natur Erleben&#8221; <\/b><\/h3>\n<p>am Karnischen Radwanderweg entlang der Gail.<br \/>\n[huge_it_slider id=&#8221;1&#8243;]<\/p>\n<h2 style=\"text-align: center;\">\u00a0<strong>Auf zum Sommerurlaub!<\/strong><\/h2>\n<p>&nbsp;<\/p>\n<p><iframe title=\"Sommer am Nassfeld\" width=\"750\" height=\"422\" src=\"https:\/\/www.youtube.com\/embed\/pzJ3BXOuwvA?feature=oembed\" frameborder=\"0\" allow=\"accelerometer; autoplay; clipboard-write; encrypted-media; gyroscope; picture-in-picture; web-share\" referrerpolicy=\"strict-origin-when-cross-origin\" allowfullscreen><\/iframe><\/p>\n<h1 style=\"text-align: center;\">Urlaub in K\u00e4rnten am Presseggersee bei Hermagor mit der <a title=\"+Card PREMIUM Nassfeld\" href=\"https:\/\/haus-umfahrer.at\/plus-card-premium\">+CARD Premium<\/a><\/h1>\n<p><img loading=\"lazy\" src=\"https:\/\/haus-umfahrer.at\/wp-content\/uploads\/2014\/11\/pressegger-see-kaernten-badesee-03-1024x683.jpg\" alt=\"Naturarena Nassfeld Pressegger See 2013-08-22\" width=\"720\" height=\"480\" \/>Ob Sie sich nur in unserem s\u00fcdseitig gelegenen G\u00e4stegarten entspannen wollen <strong>(gem\u00fctliche Sitzecke, Griller, Liegen, Sonnenschirm, Tischtennis, Kinderschaukel, Sandkiste, Trampolin)<\/strong>, oder aber Ihrem Badespa\u00df am ca. 10 km entfernten Presseggersee bzw. im 7 km entfernten Freibad in Kirchbach nachgehen wollen, unser Haus ist Ausgangspunkt f\u00fcr viele Freizeitm\u00f6glichkeiten.<\/p>\n<figure id=\"attachment_352\" aria-describedby=\"caption-attachment-352\" style=\"width: 300px\" class=\"wp-caption alignright\"><img loading=\"lazy\" src=\"https:\/\/haus-umfahrer.at\/wp-content\/uploads\/2014\/12\/Jeden-Tag-eine-neue-Wanderidee_-Nassfeld-300x199.jpg\" alt=\"_Jeden-Tag-eine-neue-Wanderidee_-Nassfeld\" width=\"300\" height=\"199\" \/><figcaption id=\"caption-attachment-352\" class=\"wp-caption-text\">Gef\u00fchrte Wanderungen<\/figcaption><\/figure>\n<p>Genie\u00dfen Sie die sch\u00f6nen <strong>Almwanderungen<\/strong> auf den umherliegenden Almen, anspruchsvolle <strong>Bergtouren, Raften<\/strong> auf der Gail oder <strong>Surfen<\/strong> am Presseggersee.<\/p>\n<h3 style=\"text-align: center;\"><b>&#8220;Natur Erleben&#8221; <\/b><\/h3>\n<p>am Karnischen Radwanderweg entlang der Gail.<br \/>\n[huge_it_slider id=&#8221;1&#8243;]<\/p>\n<h2 style=\"text-align: center;\">\u00a0<strong>Auf zum Sommerurlaub!<\/strong><\/h2>\n<p><iframe title=\"Sommer am Nassfeld\" width=\"750\" height=\"422\" src=\"https:\/\/www.youtube.com\/embed\/pzJ3BXOuwvA?feature=oembed\" frameborder=\"0\" allow=\"accelerometer; autoplay; clipboard-write; encrypted-media; gyroscope; picture-in-picture; web-share\" referrerpolicy=\"strict-origin-when-cross-origin\" allowfullscreen><\/iframe><\/p>\n<h1 style=\"text-align: center;\">Urlaub in K\u00e4rnten am Presseggersee bei Hermagor mit der <a title=\"+Card PREMIUM Nassfeld\" href=\"https:\/\/haus-umfahrer.at\/plus-card-premium\">+CARD Premium<\/a><\/h1>\n<p><img loading=\"lazy\" src=\"https:\/\/haus-umfahrer.at\/wp-content\/uploads\/2014\/11\/pressegger-see-kaernten-badesee-03-1024x683.jpg\" alt=\"Naturarena Nassfeld Pressegger See 2013-08-22\" width=\"720\" height=\"480\" \/>Ob Sie sich nur in unserem s\u00fcdseitig gelegenen G\u00e4stegarten entspannen wollen <strong>(gem\u00fctliche Sitzecke, Griller, Liegen, Sonnenschirm, Tischtennis, Kinderschaukel, Sandkiste, Trampolin)<\/strong>, oder aber Ihrem Badespa\u00df am ca. 10 km entfernten Presseggersee bzw. im 7 km entfernten Freibad in Kirchbach nachgehen wollen, unser Haus ist Ausgangspunkt f\u00fcr viele Freizeitm\u00f6glichkeiten.<\/p>\n<figure id=\"attachment_352\" aria-describedby=\"caption-attachment-352\" style=\"width: 300px\" class=\"wp-caption alignright\"><img loading=\"lazy\" src=\"https:\/\/haus-umfahrer.at\/wp-content\/uploads\/2014\/12\/Jeden-Tag-eine-neue-Wanderidee_-Nassfeld-300x199.jpg\" alt=\"_Jeden-Tag-eine-neue-Wanderidee_-Nassfeld\" width=\"300\" height=\"199\" \/><figcaption id=\"caption-attachment-352\" class=\"wp-caption-text\">Gef\u00fchrte Wanderungen<\/figcaption><\/figure>\n<p>Genie\u00dfen Sie die sch\u00f6nen <strong>Almwanderungen<\/strong> auf den umherliegenden Almen, anspruchsvolle <strong>Bergtouren, Raften<\/strong> auf der Gail oder <strong>Surfen<\/strong> am Presseggersee.<\/p>\n<h3 style=\"text-align: center;\"><b>&#8220;Natur Erleben&#8221; <\/b><\/h3>\n<p>am Karnischen Radwanderweg entlang der Gail.<br \/>\n[huge_it_slider id=&#8221;1&#8243;]<\/p>\n<h2 style=\"text-align: center;\">\u00a0<strong>Auf zum Sommerurlaub!<\/strong><\/h2>\n<p>&nbsp;<\/p>\n<p><iframe title=\"Sommer am Nassfeld\" width=\"750\" height=\"422\" src=\"https:\/\/www.youtube.com\/embed\/pzJ3BXOuwvA?feature=oembed\" frameborder=\"0\" allow=\"accelerometer; autoplay; clipboard-write; encrypted-media; gyroscope; picture-in-picture; web-share\" referrerpolicy=\"strict-origin-when-cross-origin\" allowfullscreen><\/iframe><\/p>","protected":false},"excerpt":{"rendered":"<p>Wandern&#8221; href=&#8221;http:\/\/haus-umfahrer.at\/wandern-nassfeld-gartnerkofel\/&#8221;>Almwanderungen am Nassfeld und den umherliegenden Almen, anspruchsvolle Bergtouren, Raften auf der Gail oder Surfen am Presseggersee. &nbsp; Erleben Sie Natur und Kulinarik aus der Region. &nbsp; Auf zum Sommerurlaub! &nbsp; &nbsp; Urlaub in K\u00e4rnten am Presseggersee bei Hermagor<\/p>\n","protected":false},"author":1,"featured_media":0,"parent":0,"menu_order":0,"comment_status":"closed","ping_status":"closed","template":"","meta":{"_mi_skip_tracking":false,"_exactmetrics_sitenote_active":false,"_exactmetrics_sitenote_note":"","_exactmetrics_sitenote_category":0},"aioseo_notices":[],"_links":{"self":[{"href":"https:\/\/haus-umfahrer.at\/en\/wp-json\/wp\/v2\/pages\/339"}],"collection":[{"href":"https:\/\/haus-umfahrer.at\/en\/wp-json\/wp\/v2\/pages"}],"about":[{"href":"https:\/\/haus-umfahrer.at\/en\/wp-json\/wp\/v2\/types\/page"}],"author":[{"embeddable":true,"href":"https:\/\/haus-umfahrer.at\/en\/wp-json\/wp\/v2\/users\/1"}],"replies":[{"embeddable":true,"href":"https:\/\/haus-umfahrer.at\/en\/wp-json\/wp\/v2\/comments?post=339"}],"version-history":[{"count":6,"href":"https:\/\/haus-umfahrer.at\/en\/wp-json\/wp\/v2\/pages\/339\/revisions"}],"predecessor-version":[{"id":5813,"href":"https:\/\/haus-umfahrer.at\/en\/wp-json\/wp\/v2\/pages\/339\/revisions\/5813"}],"wp:attachment":[{"href":"https:\/\/haus-umfahrer.at\/en\/wp-json\/wp\/v2\/media?parent=339"}],"curies":[{"name":"wp","href":"https:\/\/api.w.org\/{rel}","templated":true}]}}